{"id":2004,"date":"2021-06-28T08:00:06","date_gmt":"2021-06-28T08:00:06","guid":{"rendered":"https:\/\/lisoladicalestano.it\/?page_id=2004"},"modified":"2021-06-29T14:48:47","modified_gmt":"2021-06-29T14:48:47","slug":"scopri-calestano","status":"publish","type":"page","link":"https:\/\/lisoladicalestano.it\/index.php\/scopri-calestano\/","title":{"rendered":"Scopri Calestano"},"content":{"rendered":"<p>[vc_row][vc_column][vc_custom_heading text=&#8221;Scopri Calestano&#8221; font_container=&#8221;tag:h2|text_align:center&#8221;][\/vc_column][\/vc_row][vc_row][vc_column][vc_empty_space][\/vc_column][\/vc_row][vc_row][vc_column width=&#8221;2\/3&#8243;][vc_column_text css_animation=&#8221;fadeIn&#8221;]Calestano \u00e8 un piccolo e tranquillo comune nella provincia di Parma dove \u00e8 possibile trovare innumerevoli posti da visitare.<\/p>\n<p>Calestano \u00e8 un luogo ricco di siti da visitare a livello storico ed \u00e8 vicino alla citt\u00e0 di Parma votata come capitale della cultura. \u00c8 una citt\u00e0 ricca di musei e luoghi molto interessanti che puoi esplorare.<\/p>\n<p>Vicino parma sono presenti molti luoghi molto interessanti, come il Catello di Torrechiara.[\/vc_column_text][\/vc_column][vc_column width=&#8221;1\/3&#8243;][vc_single_image image=&#8221;2074&#8243; img_size=&#8221;medium&#8221; label=&#8221;&#8221; animation_type=&#8221;fadeIn&#8221;][\/vc_column][\/vc_row]<\/p>\n","protected":false},"excerpt":{"rendered":"<p>[vc_row][vc_column][vc_custom_heading text=&#8221;Scopri Calestano&#8221; font_container=&#8221;tag:h2|text_align:center&#8221;][\/vc_column][\/vc_row][vc_row][vc_column][vc_empty_space][\/vc_column][\/vc_row][vc_row][vc_column width=&#8221;2\/3&#8243;][vc_column_text css_animation=&#8221;fadeIn&#8221;]Calestano \u00e8 un piccolo e tranquillo comune nella provincia di Parma dove \u00e8 possibile trovare innumerevoli posti da visitare. Calestano \u00e8 un luogo ricco di siti da visitare a livello storico ed \u00e8 vicino alla citt\u00e0 di Parma votata come capitale della cultura. \u00c8 una citt\u00e0 ricca di musei e [&hellip;]<\/p>\n","protected":false},"author":1,"featured_media":0,"parent":0,"menu_order":0,"comment_status":"closed","ping_status":"closed","template":"","meta":{"footnotes":""},"class_list":["post-2004","page","type-page","status-publish","hentry"],"yoast_head":"<!-- This site is optimized with the Yoast SEO plugin v27.4 - https:\/\/yoast.com\/product\/yoast-seo-wordpress\/ -->\n<title>Scopri Calestano - L&#039;Isola di Calestano<\/title>\n<meta name=\"robots\" content=\"index, follow, max-snippet:-1, max-image-preview:large, max-video-preview:-1\" \/>\n<link rel=\"canonical\" href=\"https:\/\/lisoladicalestano.it\/index.php\/scopri-calestano\/\" \/>\n<meta property=\"og:locale\" content=\"en_US\" \/>\n<meta property=\"og:type\" content=\"article\" \/>\n<meta property=\"og:title\" content=\"Scopri Calestano - L&#039;Isola di Calestano\" \/>\n<meta property=\"og:description\" content=\"[vc_row][vc_column][vc_custom_heading text=&#8221;Scopri Calestano&#8221; font_container=&#8221;tag:h2|text_align:center&#8221;][\/vc_column][\/vc_row][vc_row][vc_column][vc_empty_space][\/vc_column][\/vc_row][vc_row][vc_column width=&#8221;2\/3&#8243;][vc_column_text css_animation=&#8221;fadeIn&#8221;]Calestano \u00e8 un piccolo e tranquillo comune nella provincia di Parma dove \u00e8 possibile trovare innumerevoli posti da visitare. Calestano \u00e8 un luogo ricco di siti da visitare a livello storico ed \u00e8 vicino alla citt\u00e0 di Parma votata come capitale della cultura. \u00c8 una citt\u00e0 ricca di musei e [&hellip;]\" \/>\n<meta property=\"og:url\" content=\"https:\/\/lisoladicalestano.it\/index.php\/scopri-calestano\/\" \/>\n<meta property=\"og:site_name\" content=\"L&#039;Isola di Calestano\" \/>\n<meta property=\"article:modified_time\" content=\"2021-06-29T14:48:47+00:00\" \/>\n<meta name=\"twitter:card\" content=\"summary_large_image\" \/>\n<meta name=\"twitter:label1\" content=\"Est. reading time\" \/>\n\t<meta name=\"twitter:data1\" content=\"1 minute\" \/>\n<script type=\"application\/ld+json\" class=\"yoast-schema-graph\">{\"@context\":\"https:\\\/\\\/schema.org\",\"@graph\":[{\"@type\":\"WebPage\",\"@id\":\"https:\\\/\\\/lisoladicalestano.it\\\/index.php\\\/scopri-calestano\\\/\",\"url\":\"https:\\\/\\\/lisoladicalestano.it\\\/index.php\\\/scopri-calestano\\\/\",\"name\":\"Scopri Calestano - L&#039;Isola di Calestano\",\"isPartOf\":{\"@id\":\"https:\\\/\\\/lisoladicalestano.it\\\/#website\"},\"datePublished\":\"2021-06-28T08:00:06+00:00\",\"dateModified\":\"2021-06-29T14:48:47+00:00\",\"breadcrumb\":{\"@id\":\"https:\\\/\\\/lisoladicalestano.it\\\/index.php\\\/scopri-calestano\\\/#breadcrumb\"},\"inLanguage\":\"en-US\",\"potentialAction\":[{\"@type\":\"ReadAction\",\"target\":[\"https:\\\/\\\/lisoladicalestano.it\\\/index.php\\\/scopri-calestano\\\/\"]}]},{\"@type\":\"BreadcrumbList\",\"@id\":\"https:\\\/\\\/lisoladicalestano.it\\\/index.php\\\/scopri-calestano\\\/#breadcrumb\",\"itemListElement\":[{\"@type\":\"ListItem\",\"position\":1,\"name\":\"Home\",\"item\":\"https:\\\/\\\/lisoladicalestano.it\\\/\"},{\"@type\":\"ListItem\",\"position\":2,\"name\":\"Scopri Calestano\"}]},{\"@type\":\"WebSite\",\"@id\":\"https:\\\/\\\/lisoladicalestano.it\\\/#website\",\"url\":\"https:\\\/\\\/lisoladicalestano.it\\\/\",\"name\":\"L&#039;Isola di Calestano\",\"description\":\"Just another WordPress site\",\"potentialAction\":[{\"@type\":\"SearchAction\",\"target\":{\"@type\":\"EntryPoint\",\"urlTemplate\":\"https:\\\/\\\/lisoladicalestano.it\\\/?s={search_term_string}\"},\"query-input\":{\"@type\":\"PropertyValueSpecification\",\"valueRequired\":true,\"valueName\":\"search_term_string\"}}],\"inLanguage\":\"en-US\"}]}<\/script>\n<!-- \/ Yoast SEO plugin. -->","yoast_head_json":{"title":"Scopri Calestano - L&#039;Isola di Calestano","robots":{"index":"index","follow":"follow","max-snippet":"max-snippet:-1","max-image-preview":"max-image-preview:large","max-video-preview":"max-video-preview:-1"},"canonical":"https:\/\/lisoladicalestano.it\/index.php\/scopri-calestano\/","og_locale":"en_US","og_type":"article","og_title":"Scopri Calestano - L&#039;Isola di Calestano","og_description":"[vc_row][vc_column][vc_custom_heading text=&#8221;Scopri Calestano&#8221; font_container=&#8221;tag:h2|text_align:center&#8221;][\/vc_column][\/vc_row][vc_row][vc_column][vc_empty_space][\/vc_column][\/vc_row][vc_row][vc_column width=&#8221;2\/3&#8243;][vc_column_text css_animation=&#8221;fadeIn&#8221;]Calestano \u00e8 un piccolo e tranquillo comune nella provincia di Parma dove \u00e8 possibile trovare innumerevoli posti da visitare. Calestano \u00e8 un luogo ricco di siti da visitare a livello storico ed \u00e8 vicino alla citt\u00e0 di Parma votata come capitale della cultura. \u00c8 una citt\u00e0 ricca di musei e [&hellip;]","og_url":"https:\/\/lisoladicalestano.it\/index.php\/scopri-calestano\/","og_site_name":"L&#039;Isola di Calestano","article_modified_time":"2021-06-29T14:48:47+00:00","twitter_card":"summary_large_image","twitter_misc":{"Est. reading time":"1 minute"},"schema":{"@context":"https:\/\/schema.org","@graph":[{"@type":"WebPage","@id":"https:\/\/lisoladicalestano.it\/index.php\/scopri-calestano\/","url":"https:\/\/lisoladicalestano.it\/index.php\/scopri-calestano\/","name":"Scopri Calestano - L&#039;Isola di Calestano","isPartOf":{"@id":"https:\/\/lisoladicalestano.it\/#website"},"datePublished":"2021-06-28T08:00:06+00:00","dateModified":"2021-06-29T14:48:47+00:00","breadcrumb":{"@id":"https:\/\/lisoladicalestano.it\/index.php\/scopri-calestano\/#breadcrumb"},"inLanguage":"en-US","potentialAction":[{"@type":"ReadAction","target":["https:\/\/lisoladicalestano.it\/index.php\/scopri-calestano\/"]}]},{"@type":"BreadcrumbList","@id":"https:\/\/lisoladicalestano.it\/index.php\/scopri-calestano\/#breadcrumb","itemListElement":[{"@type":"ListItem","position":1,"name":"Home","item":"https:\/\/lisoladicalestano.it\/"},{"@type":"ListItem","position":2,"name":"Scopri Calestano"}]},{"@type":"WebSite","@id":"https:\/\/lisoladicalestano.it\/#website","url":"https:\/\/lisoladicalestano.it\/","name":"L&#039;Isola di Calestano","description":"Just another WordPress site","potentialAction":[{"@type":"SearchAction","target":{"@type":"EntryPoint","urlTemplate":"https:\/\/lisoladicalestano.it\/?s={search_term_string}"},"query-input":{"@type":"PropertyValueSpecification","valueRequired":true,"valueName":"search_term_string"}}],"inLanguage":"en-US"}]}},"_links":{"self":[{"href":"https:\/\/lisoladicalestano.it\/index.php\/wp-json\/wp\/v2\/pages\/2004","targetHints":{"allow":["GET"]}}],"collection":[{"href":"https:\/\/lisoladicalestano.it\/index.php\/wp-json\/wp\/v2\/pages"}],"about":[{"href":"https:\/\/lisoladicalestano.it\/index.php\/wp-json\/wp\/v2\/types\/page"}],"author":[{"embeddable":true,"href":"https:\/\/lisoladicalestano.it\/index.php\/wp-json\/wp\/v2\/users\/1"}],"replies":[{"embeddable":true,"href":"https:\/\/lisoladicalestano.it\/index.php\/wp-json\/wp\/v2\/comments?post=2004"}],"version-history":[{"count":3,"href":"https:\/\/lisoladicalestano.it\/index.php\/wp-json\/wp\/v2\/pages\/2004\/revisions"}],"predecessor-version":[{"id":2078,"href":"https:\/\/lisoladicalestano.it\/index.php\/wp-json\/wp\/v2\/pages\/2004\/revisions\/2078"}],"wp:attachment":[{"href":"https:\/\/lisoladicalestano.it\/index.php\/wp-json\/wp\/v2\/media?parent=2004"}],"curies":[{"name":"wp","href":"https:\/\/api.w.org\/{rel}","templated":true}]}}